{"id":12729,"date":"2024-03-22T12:14:57","date_gmt":"2024-03-22T11:14:57","guid":{"rendered":"https:\/\/lgensol.enfasi.design\/support\/news-and-alerts\/"},"modified":"2024-05-10T13:58:16","modified_gmt":"2024-05-10T13:58:16","slug":"news-and-alerts","status":"publish","type":"page","link":"https:\/\/lghomebatteryblog.eu\/de\/support\/news-and-alerts\/","title":{"rendered":"Nachrichten und Warnungen"},"content":{"rendered":"<p><div class=\"fusion-fullwidth fullwidth-box fusion-builder-row-1 fusion-flex-container has-pattern-background has-mask-background nonhundred-percent-fullwidth non-hundred-percent-height-scrolling\" style=\"--awb-border-radius-top-left:0px;--awb-border-radius-top-right:0px;--awb-border-radius-bottom-right:0px;--awb-border-radius-bottom-left:0px;--awb-padding-top:138.979px;--awb-padding-bottom:13px;--awb-padding-top-medium:108.97900000000001px;--awb-padding-top-small:116.97900000000001px;--awb-background-image:linear-gradient(180deg, var(--awb-custom_color_1) 0%,var(--awb-custom_color_1) 100%);--awb-flex-wrap:wrap;\" ><div class=\"fusion-builder-row fusion-row fusion-flex-align-items-flex-start fusion-flex-content-wrap\" style=\"max-width:1248px;margin-left: calc(-4% \/ 2 );margin-right: calc(-4% \/ 2 );\"><div class=\"fusion-layout-column fusion_builder_column fusion-builder-column-0 fusion_builder_column_1_1 1_1 fusion-flex-column\" style=\"--awb-bg-size:cover;--awb-width-large:100%;--awb-margin-top-large:0px;--awb-spacing-right-large:1.92%;--awb-margin-bottom-large:20px;--awb-spacing-left-large:1.92%;--awb-width-medium:100%;--awb-order-medium:0;--awb-spacing-right-medium:1.92%;--awb-spacing-left-medium:1.92%;--awb-width-small:100%;--awb-order-small:0;--awb-spacing-right-small:1.92%;--awb-spacing-left-small:1.92%;\"><div class=\"fusion-column-wrapper fusion-column-has-shadow fusion-flex-justify-content-flex-start fusion-content-layout-column\"><div class=\"fusion-title title fusion-title-1 fusion-sep-none fusion-title-text fusion-title-size-one\" style=\"--awb-text-color:var(--awb-color1);--awb-font-size:35px;\"><h1 class=\"fusion-title-heading title-heading-left\" style=\"margin:0;font-size:1em;\">Nachrichten und Warnungen<\/h1><\/div><nav class=\"fusion-breadcrumbs awb-yoast-breadcrumbs fusion-breadcrumbs-1\" style=\"--awb-text-color:var(--awb-color1);--awb-breadcrumb-sep:&#039;\/&#039;;\" aria-label=\"Breadcrumb\"><span><span><a href=\"https:\/\/lghomebatteryblog.eu\/de\/\">Home<\/a><\/span><\/span><\/nav><\/div><\/div><\/div><\/div><div class=\"fusion-fullwidth fullwidth-box fusion-builder-row-2 fusion-flex-container has-pattern-background has-mask-background nonhundred-percent-fullwidth non-hundred-percent-height-scrolling\" style=\"--awb-border-radius-top-left:0px;--awb-border-radius-top-right:0px;--awb-border-radius-bottom-right:0px;--awb-border-radius-bottom-left:0px;--awb-padding-top:0px;--awb-padding-right:0px;--awb-padding-bottom:0px;--awb-padding-left:0px;--awb-padding-top-medium:0px;--awb-padding-bottom-medium:0px;--awb-padding-top-small:0px;--awb-padding-bottom-small:0px;--awb-margin-bottom:0px;--awb-margin-bottom-medium:90px;--awb-margin-bottom-small:80px;--awb-background-color:var(--awb-color1);--awb-flex-wrap:wrap;\" id=\"next\" ><div class=\"fusion-builder-row fusion-row fusion-flex-align-items-stretch fusion-flex-content-wrap\" style=\"max-width:calc( 1200px + 0px );margin-left: calc(-0px \/ 2 );margin-right: calc(-0px \/ 2 );\"><div class=\"fusion-layout-column fusion_builder_column fusion-builder-column-1 fusion_builder_column_1_1 1_1 fusion-flex-column\" style=\"--awb-padding-right:40px;--awb-padding-left:40px;--awb-bg-color:var(--awb-color1);--awb-bg-color-hover:var(--awb-color1);--awb-bg-size:cover;--awb-width-large:100%;--awb-margin-top-large:0px;--awb-spacing-right-large:0px;--awb-margin-bottom-large:20px;--awb-spacing-left-large:0px;--awb-width-medium:100%;--awb-order-medium:0;--awb-spacing-right-medium:0px;--awb-spacing-left-medium:0px;--awb-width-small:100%;--awb-order-small:0;--awb-spacing-right-small:0px;--awb-spacing-left-small:0px;\"><div class=\"fusion-column-wrapper fusion-column-has-shadow fusion-flex-justify-content-flex-start fusion-content-layout-column\"><div class=\"fusion-post-cards fusion-post-cards-1 fusion-grid-archive fusion-grid-columns-1 justifyflex\" style=\"--awb-column-spacing:0px;--awb-dots-align:center;--awb-columns:1;--awb-filters-hover-color:var(--awb-color1);--awb-filters-active-color:var(--awb-color1);--awb-active-filter-border-size:0px;--awb-filters-border-color:var(--awb-color1);--awb-filters-height:36px;--awb-filters-alignment:center;--awb-row-spacing:20px;--awb-columns-medium:100%;--awb-columns-small:100%;--awb-filters-alignment-medium:flex-start;--awb-filters-alignment-small:flex-start;\"><div><ul class=\"fusion-filters\" role=\"menu\" aria-label=\"Post Filters\"><li role=\"presentation\" class=\"fusion-filter fusion-filter-all fusion-active\"><a href=\"#\" data-filter=\"*\" role=\"menuitem\">Alles<\/a><\/li><li role=\"presentation\" class=\"fusion-filter fusion-hidden\"><a href=\"#\" data-filter=\".alarm\" role=\"menuitem\">Alarm<\/a><\/li><li role=\"presentation\" class=\"fusion-filter fusion-hidden\"><a href=\"#\" data-filter=\".nachrichten\" role=\"menuitem\">Nachrichten<\/a><\/li><\/ul><\/div><ul class=\"fusion-grid fusion-grid-1 fusion-flex-align-items-flex-start fusion-grid-posts-cards fusion-grid-container-infinite\" data-pages=\"0\"><li class=\"fusion-layout-column fusion_builder_column fusion-builder-column-2 fusion-flex-column post-card fusion-grid-column fusion-post-cards-grid-column nachrichten\" style=\"--awb-padding-top:10px;--awb-padding-right:10px;--awb-padding-bottom:10px;--awb-padding-left:10px;--awb-padding-top-medium:10px;--awb-padding-right-medium:10px;--awb-padding-bottom-medium:10px;--awb-padding-left-medium:10px;--awb-padding-top-small:10px;--awb-padding-right-small:10px;--awb-padding-bottom-small:10px;--awb-padding-left-small:10px;--awb-overflow:hidden;--awb-bg-color:var(--awb-color1);--awb-bg-color-hover:var(--awb-color1);--awb-bg-blend:overlay;--awb-bg-size:cover;--awb-box-shadow:1px 1px 5px 3px rgba(7,28,38,0.2);;--awb-border-color:var(--awb-color3);--awb-border-style:solid;--awb-border-radius:25px 25px 25px 25px;\"><div class=\"fusion-column-wrapper fusion-column-has-shadow fusion-flex-justify-content-flex-start fusion-content-layout-column\"><div class=\"fusion-builder-row fusion-builder-row-inner fusion-row fusion-flex-align-items-stretch fusion-flex-content-wrap\" style=\"width:calc( 100% + 0px ) !important;max-width:calc( 100% + 0px ) !important;margin-left: calc(-0px \/ 2 );margin-right: calc(-0px \/ 2 );\"><div class=\"fusion-layout-column fusion_builder_column_inner fusion-builder-nested-column-0 fusion-flex-column\" style=\"--awb-bg-size:cover;--awb-width-large:8%;--awb-margin-top-large:0px;--awb-spacing-right-large:0px;--awb-margin-bottom-large:20px;--awb-spacing-left-large:0px;--awb-width-medium:10%;--awb-order-medium:0;--awb-spacing-right-medium:0px;--awb-spacing-left-medium:0px;--awb-width-small:10%;--awb-order-small:0;--awb-spacing-right-small:0px;--awb-spacing-left-small:0px;\"><div class=\"fusion-column-wrapper fusion-column-has-shadow fusion-flex-justify-content-flex-start fusion-content-layout-column\"><i class=\"fb-icon-element-1 fb-icon-element fontawesome-icon fa-bell fas circle-yes fusion-text-flow\" style=\"--awb-circlecolor-hover:var(--awb-color5);--awb-circlebordercolor-hover:var(--awb-color8);--awb-circlebordersize:0px;--awb-font-size:22.88px;--awb-width:45.76px;--awb-height:45.76px;--awb-line-height:45.76px;--awb-margin-right:13px;\"><\/i><\/div><\/div><div class=\"fusion-layout-column fusion_builder_column_inner fusion-builder-nested-column-1 fusion-flex-column\" style=\"--awb-padding-left-small:14px;--awb-bg-size:cover;--awb-width-large:90%;--awb-margin-top-large:0px;--awb-spacing-right-large:10px;--awb-margin-bottom-large:0px;--awb-spacing-left-large:10px;--awb-width-medium:90%;--awb-order-medium:0;--awb-spacing-right-medium:10px;--awb-spacing-left-medium:10px;--awb-width-small:90%;--awb-order-small:0;--awb-spacing-right-small:10px;--awb-spacing-left-small:10px;\"><div class=\"fusion-column-wrapper fusion-column-has-shadow fusion-flex-justify-content-flex-start fusion-content-layout-column\"><div class=\"fusion-text fusion-text-1 fusion-text-no-margin\" style=\"--awb-margin-bottom:5px;--awb-text-font-family:&quot;Lexend&quot;;--awb-text-font-style:normal;--awb-text-font-weight:500;\"><p>Spare bis zu 40% LG FLEX!<\/p>\n<\/div><div class=\"fusion-text fusion-text-2 fusion-text-no-margin\" style=\"--awb-text-color:var(--awb-custom_color_1);--awb-margin-top:0px;--awb-margin-bottom:10px;--awb-text-font-family:&quot;Lexend&quot;;--awb-text-font-style:normal;--awb-text-font-weight:400;\"><p>Juli 18, 2024<\/p>\n<\/div><div class=\"fusion-separator fusion-full-width-sep\" style=\"align-self: center;margin-left: auto;margin-right: auto;margin-bottom:10px;width:100%;\"><div class=\"fusion-separator-border sep-single sep-solid\" style=\"--awb-height:20px;--awb-amount:20px;border-color:var(--awb-color3);border-top-width:1px;\"><\/div><\/div><div class=\"fusion-text fusion-text-3\" style=\"--awb-text-font-family:&quot;Lexend&quot;;--awb-text-font-style:normal;--awb-text-font-weight:400;\"><div>Ja richtig gelesen, mit der neuen Rabattaktion von LG Energy Solution sparen Sie als Installateur bis zu 40% auf unseren FLEX Stromspeicher. Damit ist er g\u00fcnstiger als viele beliebte Produkte von Wettbewerbern.<\/div>\n<div><\/div>\n<div><strong>Wie kommen Sie an den Rabatt?<\/strong><\/div>\n<div>Gehen Sie in den Shop eines Gro\u00dfhandelspartners von LG Energy Solution innerhalb der n\u00f6chsten Tage. Sie m\u00fcssen also gar nichts machen, au\u00dfer das Produkt zu dem verg\u00fcnstigten Preis zu erwerben. <a title=\"\" href=\"https:\/\/lghomebatteryblog.eu\/de\/enblock-distribution-partners\/?elqTrackId=38627AB1AD1972F2EBFF099C2E1C69B4&#038;elqTrack=true\" target=\"_blank\" rel=\"noopener\" data-targettype=\"webpage\">Alle Gro\u00dfh\u00e4ndler finden Sie hier &gt;<\/a><\/div>\n<div><\/div>\n<div><strong>Bietet Ihr bevorzugter Gro\u00dfh\u00e4ndler keinen FLEX Speicher oder den Rabatt an?<\/strong><\/div>\n<div>Kontaktieren Sie uns an sales-eu@lgensol.com und wir leiten Ihre Anfrage weiter.<\/div>\n<div><\/div>\n<div><strong>Darum sollten Sie FLEX beim n\u00e4chsten Projekt verbauen:<\/strong><\/div>\n<div><\/div>\n<ul>\n<li>Speicherkapazit\u00e4t modular von 8,6 bis 17,2 kWh erweiterbar, sowohl im 1-phasigen wie 3-phasigen Betrieb.<\/li>\n<li>Bis zu 8,5 kW Lade- und Entladeleistung versorgt Ladestation und W\u00e4rmepumpe problemlos.<\/li>\n<li>UL9540A zertifiziert, die anspruchsvollste Sicherheitszertifizierung weltweit f\u00fcr &#8222;Thermal Runway&#8220;.<\/li>\n<li>Flexibel ist der FLEX auch zu installieren, entweder stehend oder h\u00e4ngend in bis zu 36 Konfigurationen, auch drau\u00dfen dank IP55.<\/li>\n<li>Flexibel in der Wahl des Wechselrichters: Fronius, SMA, KOSTAL und GoodWe haben kompatible Hybrid- und Speicher-Wechselrichter im Angebot.<\/li>\n<li>Ersatzstromfunktion mit ausgew\u00e4hlten Wechselrichtern m\u00f6glich.<\/li>\n<li data-lineheight=\"1.5\">Betrieb von -10\u00b0 bis 50\u00b0 problemlos m\u00f6glich<\/li>\n<\/ul>\n<p><a href=\"https:\/\/lghomebatteryblog.eu\/de\/class\/flex-residential-storage-system\/\" target=\"_blank\" rel=\"noopener\">LG FLEX &gt;<\/a><\/p>\n<p><a href=\"https:\/\/lghomebatteryblog.eu\/de\/downloads\/\" target=\"_blank\" rel=\"noopener\">Download LG FLEX &gt;<\/a><\/p>\n<\/div><\/div><\/div><\/div><\/div><\/li>\n<li class=\"fusion-layout-column fusion_builder_column fusion-builder-column-3 fusion-flex-column post-card fusion-grid-column fusion-post-cards-grid-column alarm\" style=\"--awb-padding-top:10px;--awb-padding-right:10px;--awb-padding-bottom:10px;--awb-padding-left:10px;--awb-padding-top-medium:10px;--awb-padding-right-medium:10px;--awb-padding-bottom-medium:10px;--awb-padding-left-medium:10px;--awb-padding-top-small:10px;--awb-padding-right-small:10px;--awb-padding-bottom-small:10px;--awb-padding-left-small:10px;--awb-overflow:hidden;--awb-bg-color:var(--awb-color1);--awb-bg-color-hover:var(--awb-color1);--awb-bg-blend:overlay;--awb-bg-size:cover;--awb-box-shadow:1px 1px 5px 3px rgba(7,28,38,0.2);;--awb-border-color:var(--awb-color3);--awb-border-style:solid;--awb-border-radius:25px 25px 25px 25px;\"><div class=\"fusion-column-wrapper fusion-column-has-shadow fusion-flex-justify-content-flex-start fusion-content-layout-column\"><div class=\"fusion-builder-row fusion-builder-row-inner fusion-row fusion-flex-align-items-stretch fusion-flex-content-wrap\" style=\"width:calc( 100% + 0px ) !important;max-width:calc( 100% + 0px ) !important;margin-left: calc(-0px \/ 2 );margin-right: calc(-0px \/ 2 );\"><div class=\"fusion-layout-column fusion_builder_column_inner fusion-builder-nested-column-2 fusion-flex-column\" style=\"--awb-bg-size:cover;--awb-width-large:8%;--awb-margin-top-large:0px;--awb-spacing-right-large:0px;--awb-margin-bottom-large:20px;--awb-spacing-left-large:0px;--awb-width-medium:10%;--awb-order-medium:0;--awb-spacing-right-medium:0px;--awb-spacing-left-medium:0px;--awb-width-small:10%;--awb-order-small:0;--awb-spacing-right-small:0px;--awb-spacing-left-small:0px;\"><div class=\"fusion-column-wrapper fusion-column-has-shadow fusion-flex-justify-content-flex-start fusion-content-layout-column\"><i class=\"fb-icon-element-2 fb-icon-element fontawesome-icon fa-exclamation-triangle fas circle-yes fusion-text-flow\" style=\"--awb-circlecolor:var(--awb-custom_color_2);--awb-circlecolor-hover:var(--awb-custom_color_2);--awb-circlebordercolor-hover:var(--awb-color8);--awb-circlebordersize:0px;--awb-font-size:22.88px;--awb-width:45.76px;--awb-height:45.76px;--awb-line-height:45.76px;--awb-margin-right:13px;\"><\/i><\/div><\/div><div class=\"fusion-layout-column fusion_builder_column_inner fusion-builder-nested-column-3 fusion-flex-column\" style=\"--awb-padding-left-small:14px;--awb-bg-size:cover;--awb-width-large:90%;--awb-margin-top-large:0px;--awb-spacing-right-large:10px;--awb-margin-bottom-large:0px;--awb-spacing-left-large:10px;--awb-width-medium:90%;--awb-order-medium:0;--awb-spacing-right-medium:10px;--awb-spacing-left-medium:10px;--awb-width-small:90%;--awb-order-small:0;--awb-spacing-right-small:10px;--awb-spacing-left-small:10px;\"><div class=\"fusion-column-wrapper fusion-column-has-shadow fusion-flex-justify-content-flex-start fusion-content-layout-column\"><div class=\"fusion-text fusion-text-4 fusion-text-no-margin\" style=\"--awb-margin-bottom:5px;--awb-text-font-family:&quot;Lexend&quot;;--awb-text-font-style:normal;--awb-text-font-weight:500;\"><p>Facebook is down german<\/p>\n<\/div><div class=\"fusion-text fusion-text-5 fusion-text-no-margin\" style=\"--awb-text-color:var(--awb-custom_color_1);--awb-margin-top:0px;--awb-margin-bottom:10px;--awb-text-font-family:&quot;Lexend&quot;;--awb-text-font-style:normal;--awb-text-font-weight:400;\"><p>Mai 28, 2024<\/p>\n<\/div><div class=\"fusion-separator fusion-full-width-sep\" style=\"align-self: center;margin-left: auto;margin-right: auto;margin-bottom:10px;width:100%;\"><div class=\"fusion-separator-border sep-single sep-solid\" style=\"--awb-height:20px;--awb-amount:20px;border-color:var(--awb-color3);border-top-width:1px;\"><\/div><\/div><div class=\"fusion-text fusion-text-6\" style=\"--awb-text-font-family:&quot;Lexend&quot;;--awb-text-font-style:normal;--awb-text-font-weight:400;\"><p>facebook german version<\/p>\n<\/div><\/div><\/div><\/div><\/div><\/li>\n<\/ul><div class=\"fusion-infinite-scroll-trigger\"><\/div><div class=\"pagination infinite-scroll clearfix\" style=\"display:none;\"><\/div><div class=\"fusion-clearfix\"><\/div><\/div><\/div><\/div><\/div><\/div><\/p>\n","protected":false},"excerpt":{"rendered":"","protected":false},"author":1,"featured_media":0,"parent":12715,"menu_order":0,"comment_status":"closed","ping_status":"closed","template":"100-width.php","meta":{"footnotes":""},"class_list":["post-12729","page","type-page","status-publish","hentry"],"acf":[],"yoast_head":"<!-- This site is optimized with the Yoast SEO plugin v23.1 - https:\/\/yoast.com\/wordpress\/plugins\/seo\/ -->\n<title>Nachrichten und Warnungen - LG Energy Solution<\/title>\n<meta name=\"description\" content=\"Bleiben Sie mit den neuesten Ank\u00fcndigungen und wichtigen Warnungen von LG Energy Solution auf dem Laufenden\" \/>\n<meta name=\"robots\" content=\"index, follow, max-snippet:-1, max-image-preview:large, max-video-preview:-1\" \/>\n<link rel=\"canonical\" href=\"https:\/\/lghomebatteryblog.eu\/de\/support\/news-and-alerts\/\" \/>\n<meta property=\"og:locale\" content=\"de_DE\" \/>\n<meta property=\"og:type\" content=\"article\" \/>\n<meta property=\"og:title\" content=\"Nachrichten und Warnungen - LG Energy Solution\" \/>\n<meta property=\"og:description\" content=\"Bleiben Sie mit den neuesten Ank\u00fcndigungen und wichtigen Warnungen von LG Energy Solution auf dem Laufenden\" \/>\n<meta property=\"og:url\" content=\"https:\/\/lghomebatteryblog.eu\/de\/support\/news-and-alerts\/\" \/>\n<meta property=\"og:site_name\" content=\"LG Energy Solution\" \/>\n<meta property=\"article:publisher\" content=\"https:\/\/www.facebook.com\/profile.php?id=61552887927174\" \/>\n<meta property=\"article:modified_time\" content=\"2024-05-10T13:58:16+00:00\" \/>\n<meta name=\"twitter:card\" content=\"summary_large_image\" \/>\n<meta name=\"twitter:label1\" content=\"Gesch\u00e4tzte Lesezeit\" \/>\n\t<meta name=\"twitter:data1\" content=\"1\u00a0Minute\" \/>\n<script type=\"application\/ld+json\" class=\"yoast-schema-graph\">{\"@context\":\"https:\/\/schema.org\",\"@graph\":[{\"@type\":\"WebPage\",\"@id\":\"https:\/\/lghomebatteryblog.eu\/de\/support\/news-and-alerts\/\",\"url\":\"https:\/\/lghomebatteryblog.eu\/de\/support\/news-and-alerts\/\",\"name\":\"Nachrichten und Warnungen - LG Energy Solution\",\"isPartOf\":{\"@id\":\"https:\/\/lghomebatteryblog.eu\/de\/#website\"},\"datePublished\":\"2024-03-22T11:14:57+00:00\",\"dateModified\":\"2024-05-10T13:58:16+00:00\",\"description\":\"Bleiben Sie mit den neuesten Ank\u00fcndigungen und wichtigen Warnungen von LG Energy Solution auf dem Laufenden\",\"breadcrumb\":{\"@id\":\"https:\/\/lghomebatteryblog.eu\/de\/support\/news-and-alerts\/#breadcrumb\"},\"inLanguage\":\"de\",\"potentialAction\":[{\"@type\":\"ReadAction\",\"target\":[\"https:\/\/lghomebatteryblog.eu\/de\/support\/news-and-alerts\/\"]}]},{\"@type\":\"BreadcrumbList\",\"@id\":\"https:\/\/lghomebatteryblog.eu\/de\/support\/news-and-alerts\/#breadcrumb\",\"itemListElement\":[{\"@type\":\"ListItem\",\"position\":1,\"name\":\"Home\",\"item\":\"https:\/\/lghomebatteryblog.eu\/de\/\"},{\"@type\":\"ListItem\",\"position\":2,\"name\":\"Unterst\u00fctzung\",\"item\":\"https:\/\/lghomebatteryblog.eu\/de\/support\/\"},{\"@type\":\"ListItem\",\"position\":3,\"name\":\"Nachrichten und Warnungen\"}]},{\"@type\":\"WebSite\",\"@id\":\"https:\/\/lghomebatteryblog.eu\/de\/#website\",\"url\":\"https:\/\/lghomebatteryblog.eu\/de\/\",\"name\":\"LG Energy Solution\",\"description\":\"\",\"publisher\":{\"@id\":\"https:\/\/lghomebatteryblog.eu\/de\/#organization\"},\"potentialAction\":[{\"@type\":\"SearchAction\",\"target\":{\"@type\":\"EntryPoint\",\"urlTemplate\":\"https:\/\/lghomebatteryblog.eu\/de\/?s={search_term_string}\"},\"query-input\":\"required name=search_term_string\"}],\"inLanguage\":\"de\"},{\"@type\":\"Organization\",\"@id\":\"https:\/\/lghomebatteryblog.eu\/de\/#organization\",\"name\":\"LG Energy Solution\",\"url\":\"https:\/\/lghomebatteryblog.eu\/de\/\",\"logo\":{\"@type\":\"ImageObject\",\"inLanguage\":\"de\",\"@id\":\"https:\/\/lghomebatteryblog.eu\/de\/#\/schema\/logo\/image\/\",\"url\":\"https:\/\/lghomebatteryblog.eu\/wp-content\/uploads\/2024\/03\/new_ci.webp\",\"contentUrl\":\"https:\/\/lghomebatteryblog.eu\/wp-content\/uploads\/2024\/03\/new_ci.webp\",\"width\":1691,\"height\":309,\"caption\":\"LG Energy Solution\"},\"image\":{\"@id\":\"https:\/\/lghomebatteryblog.eu\/de\/#\/schema\/logo\/image\/\"},\"sameAs\":[\"https:\/\/www.facebook.com\/profile.php?id=61552887927174\",\"https:\/\/www.youtube.com\/@lgenergysolutionesseurope\",\"https:\/\/www.linkedin.com\/company\/lges-resu-europe\/\"]}]}<\/script>\n<!-- \/ Yoast SEO plugin. -->","yoast_head_json":{"title":"Nachrichten und Warnungen - LG Energy Solution","description":"Bleiben Sie mit den neuesten Ank\u00fcndigungen und wichtigen Warnungen von LG Energy Solution auf dem Laufenden","robots":{"index":"index","follow":"follow","max-snippet":"max-snippet:-1","max-image-preview":"max-image-preview:large","max-video-preview":"max-video-preview:-1"},"canonical":"https:\/\/lghomebatteryblog.eu\/de\/support\/news-and-alerts\/","og_locale":"de_DE","og_type":"article","og_title":"Nachrichten und Warnungen - LG Energy Solution","og_description":"Bleiben Sie mit den neuesten Ank\u00fcndigungen und wichtigen Warnungen von LG Energy Solution auf dem Laufenden","og_url":"https:\/\/lghomebatteryblog.eu\/de\/support\/news-and-alerts\/","og_site_name":"LG Energy Solution","article_publisher":"https:\/\/www.facebook.com\/profile.php?id=61552887927174","article_modified_time":"2024-05-10T13:58:16+00:00","twitter_card":"summary_large_image","twitter_misc":{"Gesch\u00e4tzte Lesezeit":"1\u00a0Minute"},"schema":{"@context":"https:\/\/schema.org","@graph":[{"@type":"WebPage","@id":"https:\/\/lghomebatteryblog.eu\/de\/support\/news-and-alerts\/","url":"https:\/\/lghomebatteryblog.eu\/de\/support\/news-and-alerts\/","name":"Nachrichten und Warnungen - LG Energy Solution","isPartOf":{"@id":"https:\/\/lghomebatteryblog.eu\/de\/#website"},"datePublished":"2024-03-22T11:14:57+00:00","dateModified":"2024-05-10T13:58:16+00:00","description":"Bleiben Sie mit den neuesten Ank\u00fcndigungen und wichtigen Warnungen von LG Energy Solution auf dem Laufenden","breadcrumb":{"@id":"https:\/\/lghomebatteryblog.eu\/de\/support\/news-and-alerts\/#breadcrumb"},"inLanguage":"de","potentialAction":[{"@type":"ReadAction","target":["https:\/\/lghomebatteryblog.eu\/de\/support\/news-and-alerts\/"]}]},{"@type":"BreadcrumbList","@id":"https:\/\/lghomebatteryblog.eu\/de\/support\/news-and-alerts\/#breadcrumb","itemListElement":[{"@type":"ListItem","position":1,"name":"Home","item":"https:\/\/lghomebatteryblog.eu\/de\/"},{"@type":"ListItem","position":2,"name":"Unterst\u00fctzung","item":"https:\/\/lghomebatteryblog.eu\/de\/support\/"},{"@type":"ListItem","position":3,"name":"Nachrichten und Warnungen"}]},{"@type":"WebSite","@id":"https:\/\/lghomebatteryblog.eu\/de\/#website","url":"https:\/\/lghomebatteryblog.eu\/de\/","name":"LG Energy Solution","description":"","publisher":{"@id":"https:\/\/lghomebatteryblog.eu\/de\/#organization"},"potentialAction":[{"@type":"SearchAction","target":{"@type":"EntryPoint","urlTemplate":"https:\/\/lghomebatteryblog.eu\/de\/?s={search_term_string}"},"query-input":"required name=search_term_string"}],"inLanguage":"de"},{"@type":"Organization","@id":"https:\/\/lghomebatteryblog.eu\/de\/#organization","name":"LG Energy Solution","url":"https:\/\/lghomebatteryblog.eu\/de\/","logo":{"@type":"ImageObject","inLanguage":"de","@id":"https:\/\/lghomebatteryblog.eu\/de\/#\/schema\/logo\/image\/","url":"https:\/\/lghomebatteryblog.eu\/wp-content\/uploads\/2024\/03\/new_ci.webp","contentUrl":"https:\/\/lghomebatteryblog.eu\/wp-content\/uploads\/2024\/03\/new_ci.webp","width":1691,"height":309,"caption":"LG Energy Solution"},"image":{"@id":"https:\/\/lghomebatteryblog.eu\/de\/#\/schema\/logo\/image\/"},"sameAs":["https:\/\/www.facebook.com\/profile.php?id=61552887927174","https:\/\/www.youtube.com\/@lgenergysolutionesseurope","https:\/\/www.linkedin.com\/company\/lges-resu-europe\/"]}]}},"_links":{"self":[{"href":"https:\/\/lghomebatteryblog.eu\/de\/wp-json\/wp\/v2\/pages\/12729","targetHints":{"allow":["GET"]}}],"collection":[{"href":"https:\/\/lghomebatteryblog.eu\/de\/wp-json\/wp\/v2\/pages"}],"about":[{"href":"https:\/\/lghomebatteryblog.eu\/de\/wp-json\/wp\/v2\/types\/page"}],"author":[{"embeddable":true,"href":"https:\/\/lghomebatteryblog.eu\/de\/wp-json\/wp\/v2\/users\/1"}],"replies":[{"embeddable":true,"href":"https:\/\/lghomebatteryblog.eu\/de\/wp-json\/wp\/v2\/comments?post=12729"}],"version-history":[{"count":2,"href":"https:\/\/lghomebatteryblog.eu\/de\/wp-json\/wp\/v2\/pages\/12729\/revisions"}],"predecessor-version":[{"id":14014,"href":"https:\/\/lghomebatteryblog.eu\/de\/wp-json\/wp\/v2\/pages\/12729\/revisions\/14014"}],"up":[{"embeddable":true,"href":"https:\/\/lghomebatteryblog.eu\/de\/wp-json\/wp\/v2\/pages\/12715"}],"wp:attachment":[{"href":"https:\/\/lghomebatteryblog.eu\/de\/wp-json\/wp\/v2\/media?parent=12729"}],"curies":[{"name":"wp","href":"https:\/\/api.w.org\/{rel}","templated":true}]}}