{"id":14612,"date":"2024-03-22T12:14:57","date_gmt":"2024-03-22T11:14:57","guid":{"rendered":"https:\/\/lgensol.enfasi.design\/firmware-updates\/"},"modified":"2024-07-10T14:26:38","modified_gmt":"2024-07-10T13:26:38","slug":"imprint","status":"publish","type":"page","link":"https:\/\/lghomebatteryblog.eu\/de\/gdpr-privacy-policy\/imprint\/","title":{"rendered":"Impressum"},"content":{"rendered":"<p><div class=\"fusion-fullwidth fullwidth-box fusion-builder-row-1 fusion-flex-container has-pattern-background has-mask-background nonhundred-percent-fullwidth non-hundred-percent-height-scrolling\" style=\"--awb-border-radius-top-left:0px;--awb-border-radius-top-right:0px;--awb-border-radius-bottom-right:0px;--awb-border-radius-bottom-left:0px;--awb-padding-top:138.979px;--awb-padding-bottom:13px;--awb-padding-top-medium:108.97900000000001px;--awb-padding-top-small:116.97900000000001px;--awb-background-image:linear-gradient(180deg, var(--awb-custom_color_1) 0%,var(--awb-custom_color_1) 100%);--awb-flex-wrap:wrap;\" ><div class=\"fusion-builder-row fusion-row fusion-flex-align-items-flex-start fusion-flex-content-wrap\" style=\"max-width:1248px;margin-left: calc(-4% \/ 2 );margin-right: calc(-4% \/ 2 );\"><div class=\"fusion-layout-column fusion_builder_column fusion-builder-column-0 fusion_builder_column_1_1 1_1 fusion-flex-column\" style=\"--awb-bg-size:cover;--awb-width-large:100%;--awb-margin-top-large:0px;--awb-spacing-right-large:1.92%;--awb-margin-bottom-large:20px;--awb-spacing-left-large:1.92%;--awb-width-medium:100%;--awb-order-medium:0;--awb-spacing-right-medium:1.92%;--awb-spacing-left-medium:1.92%;--awb-width-small:100%;--awb-order-small:0;--awb-spacing-right-small:1.92%;--awb-spacing-left-small:1.92%;\"><div class=\"fusion-column-wrapper fusion-column-has-shadow fusion-flex-justify-content-flex-start fusion-content-layout-column\"><div class=\"fusion-title title fusion-title-1 fusion-sep-none fusion-title-text fusion-title-size-one\" style=\"--awb-text-color:var(--awb-color1);--awb-font-size:35px;\"><h1 class=\"fusion-title-heading title-heading-left\" style=\"margin:0;font-size:1em;\">Impressum<\/h1><\/div><nav class=\"fusion-breadcrumbs awb-yoast-breadcrumbs fusion-breadcrumbs-1\" style=\"--awb-text-color:var(--awb-color1);--awb-breadcrumb-sep:&#039;\/&#039;;\" aria-label=\"Breadcrumb\"><span><span><a href=\"https:\/\/lghomebatteryblog.eu\/de\/\">Home<\/a><\/span><\/span><\/nav><\/div><\/div><\/div><\/div><div class=\"fusion-fullwidth fullwidth-box fusion-builder-row-2 fusion-flex-container has-pattern-background has-mask-background nonhundred-percent-fullwidth non-hundred-percent-height-scrolling\" style=\"--awb-border-radius-top-left:0px;--awb-border-radius-top-right:0px;--awb-border-radius-bottom-right:0px;--awb-border-radius-bottom-left:0px;--awb-padding-top:43px;--awb-flex-wrap:wrap;\" ><div class=\"fusion-builder-row fusion-row fusion-flex-align-items-flex-start fusion-flex-content-wrap\" style=\"max-width:1248px;margin-left: calc(-4% \/ 2 );margin-right: calc(-4% \/ 2 );\"><div class=\"fusion-layout-column fusion_builder_column fusion-builder-column-1 fusion_builder_column_1_1 1_1 fusion-flex-column\" style=\"--awb-bg-size:cover;--awb-width-large:100%;--awb-margin-top-large:0px;--awb-spacing-right-large:1.92%;--awb-margin-bottom-large:20px;--awb-spacing-left-large:1.92%;--awb-width-medium:100%;--awb-order-medium:0;--awb-spacing-right-medium:1.92%;--awb-spacing-left-medium:1.92%;--awb-width-small:100%;--awb-order-small:0;--awb-spacing-right-small:1.92%;--awb-spacing-left-small:1.92%;\"><div class=\"fusion-column-wrapper fusion-column-has-shadow fusion-flex-justify-content-flex-start fusion-content-layout-column\"><div class=\"fusion-text fusion-text-1\"><h3 class=\"stitle\">Rechtliche Hinweise<\/h3>\n<div class=\"note-box\">\n<p class=\"title-style\"><b>LG Energy Solution Europe GmbH<\/b><\/p>\n<p>Otto-Volger-Str.7C \/ 65843 Sulzbach (Taunus) \/ Deutschland<\/p>\n<dl>\n<dt>Telefon: <span style=\"color: var(--awb-text-color); font-family: var(--awb-text-font-family); font-size: var(--awb-font-size); font-style: var(--awb-text-font-style); font-weight: var(--awb-text-font-weight); letter-spacing: var(--awb-letter-spacing); text-align: var(--awb-content-alignment); text-transform: var(--awb-text-transform); background-color: var(--awb-bg-color-hover);\">+49 6196 5719 600<\/span><\/dt>\n<\/dl>\n<p class=\"title-style\"><b>Amtsgericht Frankfurt am Main ; HRB 121215<\/b><\/p>\n<dl>\n<dt>USt-IdNr.: <span style=\"color: var(--awb-text-color); font-family: var(--awb-text-font-family); font-size: var(--awb-font-size); font-style: var(--awb-text-font-style); font-weight: var(--awb-text-font-weight); letter-spacing: var(--awb-letter-spacing); text-align: var(--awb-content-alignment); text-transform: var(--awb-text-transform); background-color: var(--awb-bg-color-hover);\">DE335911518<\/span><\/dt>\n<\/dl>\n<dl>\n<dt>Steuer-ID: <span style=\"color: var(--awb-text-color); font-family: var(--awb-text-font-family); font-size: var(--awb-font-size); font-style: var(--awb-text-font-style); font-weight: var(--awb-text-font-weight); letter-spacing: var(--awb-letter-spacing); text-align: var(--awb-content-alignment); text-transform: var(--awb-text-transform); background-color: var(--awb-bg-color-hover);\">04323899022<\/span><\/dt>\n<\/dl>\n<\/div>\n<h4>Gesetzliche Vertreter<\/h4>\n<p>Changlae Cho, Sungpil Cho, Jaewook Jung, Sangsu Lee<\/p>\n<h4>Haftungsausschluss<\/h4>\n<p>LG Energy Solution Europe GmbH bem\u00fcht sich, auf dieser Website korrekte und vollst\u00e4ndige Informationen bereitzustellen.<br \/>\nEs wird jedoch keine Haftung oder Garantie f\u00fcr die Aktualit\u00e4t, Richtigkeit und Vollst\u00e4ndigkeit der bereitgestellten Informationen \u00fcbernommen.<br \/>\nDie LG Energy Solution Europe GmbH \u00fcbernimmt keine Haftung oder Garantie f\u00fcr den Inhalt von Internetseiten, auf die unsere Website direkt oder indirekt verweist. Besucher folgen Links zu anderen Websites und Homepages auf eigenes Risiko und nutzen sie gem\u00e4\u00df den geltenden Nutzungsbedingungen der jeweiligen Websites.<\/p>\n<h4>E-Mail-Haftungsausschluss<\/h4>\n<p>E-Mails, die Sie von uns erhalten, sowie alle Anh\u00e4nge enthalten vertrauliche und \/ oder rechtlich gesch\u00fctzte Informationen. Wenn Sie nicht der richtige Adressat sind oder E-Mails irrt\u00fcmlich erhalten haben, informieren Sie bitte sofort den Absender und l\u00f6schen Sie diese E-Mails. Unbefugtes Kopieren oder Speichern sowie unbefugte Verbreitung unserer E-Mails ist nicht gestattet.<\/p>\n<\/div><\/div><\/div><\/div><\/div><\/p>\n","protected":false},"excerpt":{"rendered":"","protected":false},"author":1,"featured_media":0,"parent":14984,"menu_order":0,"comment_status":"closed","ping_status":"closed","template":"100-width.php","meta":{"footnotes":""},"class_list":["post-14612","page","type-page","status-publish","hentry"],"acf":[],"yoast_head":"<!-- This site is optimized with the Yoast SEO plugin v23.1 - https:\/\/yoast.com\/wordpress\/plugins\/seo\/ -->\n<title>Impressum - LG Energy Solution<\/title>\n<meta name=\"robots\" content=\"index, follow, max-snippet:-1, max-image-preview:large, max-video-preview:-1\" \/>\n<link rel=\"canonical\" href=\"https:\/\/lghomebatteryblog.eu\/de\/gdpr-privacy-policy\/imprint\/\" \/>\n<meta property=\"og:locale\" content=\"de_DE\" \/>\n<meta property=\"og:type\" content=\"article\" \/>\n<meta property=\"og:title\" content=\"Impressum - LG Energy Solution\" \/>\n<meta property=\"og:url\" content=\"https:\/\/lghomebatteryblog.eu\/de\/gdpr-privacy-policy\/imprint\/\" \/>\n<meta property=\"og:site_name\" content=\"LG Energy Solution\" \/>\n<meta property=\"article:publisher\" content=\"https:\/\/www.facebook.com\/profile.php?id=61552887927174\" \/>\n<meta property=\"article:modified_time\" content=\"2024-07-10T13:26:38+00:00\" \/>\n<meta name=\"twitter:card\" content=\"summary_large_image\" \/>\n<meta name=\"twitter:label1\" content=\"Gesch\u00e4tzte Lesezeit\" \/>\n\t<meta name=\"twitter:data1\" content=\"1\u00a0Minute\" \/>\n<script type=\"application\/ld+json\" class=\"yoast-schema-graph\">{\"@context\":\"https:\/\/schema.org\",\"@graph\":[{\"@type\":\"WebPage\",\"@id\":\"https:\/\/lghomebatteryblog.eu\/de\/gdpr-privacy-policy\/imprint\/\",\"url\":\"https:\/\/lghomebatteryblog.eu\/de\/gdpr-privacy-policy\/imprint\/\",\"name\":\"Impressum - LG Energy Solution\",\"isPartOf\":{\"@id\":\"https:\/\/lghomebatteryblog.eu\/de\/#website\"},\"datePublished\":\"2024-03-22T11:14:57+00:00\",\"dateModified\":\"2024-07-10T13:26:38+00:00\",\"breadcrumb\":{\"@id\":\"https:\/\/lghomebatteryblog.eu\/de\/gdpr-privacy-policy\/imprint\/#breadcrumb\"},\"inLanguage\":\"de\",\"potentialAction\":[{\"@type\":\"ReadAction\",\"target\":[\"https:\/\/lghomebatteryblog.eu\/de\/gdpr-privacy-policy\/imprint\/\"]}]},{\"@type\":\"BreadcrumbList\",\"@id\":\"https:\/\/lghomebatteryblog.eu\/de\/gdpr-privacy-policy\/imprint\/#breadcrumb\",\"itemListElement\":[{\"@type\":\"ListItem\",\"position\":1,\"name\":\"Home\",\"item\":\"https:\/\/lghomebatteryblog.eu\/de\/\"},{\"@type\":\"ListItem\",\"position\":2,\"name\":\"GDPR &#8211; Privacy policy\",\"item\":\"https:\/\/lghomebatteryblog.eu\/de\/gdpr-privacy-policy\/\"},{\"@type\":\"ListItem\",\"position\":3,\"name\":\"Impressum\"}]},{\"@type\":\"WebSite\",\"@id\":\"https:\/\/lghomebatteryblog.eu\/de\/#website\",\"url\":\"https:\/\/lghomebatteryblog.eu\/de\/\",\"name\":\"LG Energy Solution\",\"description\":\"\",\"publisher\":{\"@id\":\"https:\/\/lghomebatteryblog.eu\/de\/#organization\"},\"potentialAction\":[{\"@type\":\"SearchAction\",\"target\":{\"@type\":\"EntryPoint\",\"urlTemplate\":\"https:\/\/lghomebatteryblog.eu\/de\/?s={search_term_string}\"},\"query-input\":\"required name=search_term_string\"}],\"inLanguage\":\"de\"},{\"@type\":\"Organization\",\"@id\":\"https:\/\/lghomebatteryblog.eu\/de\/#organization\",\"name\":\"LG Energy Solution\",\"url\":\"https:\/\/lghomebatteryblog.eu\/de\/\",\"logo\":{\"@type\":\"ImageObject\",\"inLanguage\":\"de\",\"@id\":\"https:\/\/lghomebatteryblog.eu\/de\/#\/schema\/logo\/image\/\",\"url\":\"https:\/\/lghomebatteryblog.eu\/wp-content\/uploads\/2024\/03\/new_ci.webp\",\"contentUrl\":\"https:\/\/lghomebatteryblog.eu\/wp-content\/uploads\/2024\/03\/new_ci.webp\",\"width\":1691,\"height\":309,\"caption\":\"LG Energy Solution\"},\"image\":{\"@id\":\"https:\/\/lghomebatteryblog.eu\/de\/#\/schema\/logo\/image\/\"},\"sameAs\":[\"https:\/\/www.facebook.com\/profile.php?id=61552887927174\",\"https:\/\/www.youtube.com\/@lgenergysolutionesseurope\",\"https:\/\/www.linkedin.com\/company\/lges-resu-europe\/\"]}]}<\/script>\n<!-- \/ Yoast SEO plugin. -->","yoast_head_json":{"title":"Impressum - LG Energy Solution","robots":{"index":"index","follow":"follow","max-snippet":"max-snippet:-1","max-image-preview":"max-image-preview:large","max-video-preview":"max-video-preview:-1"},"canonical":"https:\/\/lghomebatteryblog.eu\/de\/gdpr-privacy-policy\/imprint\/","og_locale":"de_DE","og_type":"article","og_title":"Impressum - LG Energy Solution","og_url":"https:\/\/lghomebatteryblog.eu\/de\/gdpr-privacy-policy\/imprint\/","og_site_name":"LG Energy Solution","article_publisher":"https:\/\/www.facebook.com\/profile.php?id=61552887927174","article_modified_time":"2024-07-10T13:26:38+00:00","twitter_card":"summary_large_image","twitter_misc":{"Gesch\u00e4tzte Lesezeit":"1\u00a0Minute"},"schema":{"@context":"https:\/\/schema.org","@graph":[{"@type":"WebPage","@id":"https:\/\/lghomebatteryblog.eu\/de\/gdpr-privacy-policy\/imprint\/","url":"https:\/\/lghomebatteryblog.eu\/de\/gdpr-privacy-policy\/imprint\/","name":"Impressum - LG Energy Solution","isPartOf":{"@id":"https:\/\/lghomebatteryblog.eu\/de\/#website"},"datePublished":"2024-03-22T11:14:57+00:00","dateModified":"2024-07-10T13:26:38+00:00","breadcrumb":{"@id":"https:\/\/lghomebatteryblog.eu\/de\/gdpr-privacy-policy\/imprint\/#breadcrumb"},"inLanguage":"de","potentialAction":[{"@type":"ReadAction","target":["https:\/\/lghomebatteryblog.eu\/de\/gdpr-privacy-policy\/imprint\/"]}]},{"@type":"BreadcrumbList","@id":"https:\/\/lghomebatteryblog.eu\/de\/gdpr-privacy-policy\/imprint\/#breadcrumb","itemListElement":[{"@type":"ListItem","position":1,"name":"Home","item":"https:\/\/lghomebatteryblog.eu\/de\/"},{"@type":"ListItem","position":2,"name":"GDPR &#8211; Privacy policy","item":"https:\/\/lghomebatteryblog.eu\/de\/gdpr-privacy-policy\/"},{"@type":"ListItem","position":3,"name":"Impressum"}]},{"@type":"WebSite","@id":"https:\/\/lghomebatteryblog.eu\/de\/#website","url":"https:\/\/lghomebatteryblog.eu\/de\/","name":"LG Energy Solution","description":"","publisher":{"@id":"https:\/\/lghomebatteryblog.eu\/de\/#organization"},"potentialAction":[{"@type":"SearchAction","target":{"@type":"EntryPoint","urlTemplate":"https:\/\/lghomebatteryblog.eu\/de\/?s={search_term_string}"},"query-input":"required name=search_term_string"}],"inLanguage":"de"},{"@type":"Organization","@id":"https:\/\/lghomebatteryblog.eu\/de\/#organization","name":"LG Energy Solution","url":"https:\/\/lghomebatteryblog.eu\/de\/","logo":{"@type":"ImageObject","inLanguage":"de","@id":"https:\/\/lghomebatteryblog.eu\/de\/#\/schema\/logo\/image\/","url":"https:\/\/lghomebatteryblog.eu\/wp-content\/uploads\/2024\/03\/new_ci.webp","contentUrl":"https:\/\/lghomebatteryblog.eu\/wp-content\/uploads\/2024\/03\/new_ci.webp","width":1691,"height":309,"caption":"LG Energy Solution"},"image":{"@id":"https:\/\/lghomebatteryblog.eu\/de\/#\/schema\/logo\/image\/"},"sameAs":["https:\/\/www.facebook.com\/profile.php?id=61552887927174","https:\/\/www.youtube.com\/@lgenergysolutionesseurope","https:\/\/www.linkedin.com\/company\/lges-resu-europe\/"]}]}},"_links":{"self":[{"href":"https:\/\/lghomebatteryblog.eu\/de\/wp-json\/wp\/v2\/pages\/14612","targetHints":{"allow":["GET"]}}],"collection":[{"href":"https:\/\/lghomebatteryblog.eu\/de\/wp-json\/wp\/v2\/pages"}],"about":[{"href":"https:\/\/lghomebatteryblog.eu\/de\/wp-json\/wp\/v2\/types\/page"}],"author":[{"embeddable":true,"href":"https:\/\/lghomebatteryblog.eu\/de\/wp-json\/wp\/v2\/users\/1"}],"replies":[{"embeddable":true,"href":"https:\/\/lghomebatteryblog.eu\/de\/wp-json\/wp\/v2\/comments?post=14612"}],"version-history":[{"count":4,"href":"https:\/\/lghomebatteryblog.eu\/de\/wp-json\/wp\/v2\/pages\/14612\/revisions"}],"predecessor-version":[{"id":15188,"href":"https:\/\/lghomebatteryblog.eu\/de\/wp-json\/wp\/v2\/pages\/14612\/revisions\/15188"}],"up":[{"embeddable":true,"href":"https:\/\/lghomebatteryblog.eu\/de\/wp-json\/wp\/v2\/pages\/14984"}],"wp:attachment":[{"href":"https:\/\/lghomebatteryblog.eu\/de\/wp-json\/wp\/v2\/media?parent=14612"}],"curies":[{"name":"wp","href":"https:\/\/api.w.org\/{rel}","templated":true}]}}