{"id":13002,"date":"2024-03-22T12:14:57","date_gmt":"2024-03-22T11:14:57","guid":{"rendered":"https:\/\/lgensol.enfasi.design\/support\/firmware-updates\/"},"modified":"2024-05-13T09:27:57","modified_gmt":"2024-05-13T08:27:57","slug":"firmware-updates","status":"publish","type":"page","link":"https:\/\/lghomebatteryblog.eu\/es\/support\/firmware-updates\/","title":{"rendered":"Actualizaciones de Firmware"},"content":{"rendered":"<p><div class=\"fusion-fullwidth fullwidth-box fusion-builder-row-1 fusion-flex-container has-pattern-background has-mask-background nonhundred-percent-fullwidth non-hundred-percent-height-scrolling\" style=\"--awb-border-radius-top-left:0px;--awb-border-radius-top-right:0px;--awb-border-radius-bottom-right:0px;--awb-border-radius-bottom-left:0px;--awb-padding-top:138.979px;--awb-padding-bottom:13px;--awb-padding-top-medium:108.97900000000001px;--awb-padding-top-small:116.97900000000001px;--awb-background-image:linear-gradient(180deg, var(--awb-custom_color_1) 0%,var(--awb-custom_color_1) 100%);--awb-flex-wrap:wrap;\" ><div class=\"fusion-builder-row fusion-row fusion-flex-align-items-flex-start fusion-flex-content-wrap\" style=\"max-width:1248px;margin-left: calc(-4% \/ 2 );margin-right: calc(-4% \/ 2 );\"><div class=\"fusion-layout-column fusion_builder_column fusion-builder-column-0 fusion_builder_column_1_1 1_1 fusion-flex-column\" style=\"--awb-bg-size:cover;--awb-width-large:100%;--awb-margin-top-large:0px;--awb-spacing-right-large:1.92%;--awb-margin-bottom-large:20px;--awb-spacing-left-large:1.92%;--awb-width-medium:100%;--awb-order-medium:0;--awb-spacing-right-medium:1.92%;--awb-spacing-left-medium:1.92%;--awb-width-small:100%;--awb-order-small:0;--awb-spacing-right-small:1.92%;--awb-spacing-left-small:1.92%;\"><div class=\"fusion-column-wrapper fusion-column-has-shadow fusion-flex-justify-content-flex-start fusion-content-layout-column\"><div class=\"fusion-title title fusion-title-1 fusion-sep-none fusion-title-text fusion-title-size-one\" style=\"--awb-text-color:var(--awb-color1);--awb-font-size:35px;\"><h1 class=\"fusion-title-heading title-heading-left\" style=\"margin:0;font-size:1em;\">Actualizaciones de Firmware<\/h1><\/div><nav class=\"fusion-breadcrumbs awb-yoast-breadcrumbs fusion-breadcrumbs-1\" style=\"--awb-text-color:var(--awb-color1);--awb-breadcrumb-sep:&#039;\/&#039;;\" aria-label=\"Breadcrumb\"><span><span><a href=\"https:\/\/lghomebatteryblog.eu\/es\/\">Home<\/a><\/span><\/span><\/nav><\/div><\/div><\/div><\/div><div class=\"fusion-fullwidth fullwidth-box fusion-builder-row-2 fusion-flex-container has-pattern-background has-mask-background nonhundred-percent-fullwidth non-hundred-percent-height-scrolling\" style=\"--awb-border-radius-top-left:0px;--awb-border-radius-top-right:0px;--awb-border-radius-bottom-right:0px;--awb-border-radius-bottom-left:0px;--awb-padding-top:43px;--awb-flex-wrap:wrap;\" ><div class=\"fusion-builder-row fusion-row fusion-flex-align-items-flex-start fusion-flex-content-wrap\" style=\"max-width:1248px;margin-left: calc(-4% \/ 2 );margin-right: calc(-4% \/ 2 );\"><div class=\"fusion-layout-column fusion_builder_column fusion-builder-column-1 fusion_builder_column_1_1 1_1 fusion-flex-column\" style=\"--awb-bg-size:cover;--awb-width-large:100%;--awb-margin-top-large:0px;--awb-spacing-right-large:1.92%;--awb-margin-bottom-large:20px;--awb-spacing-left-large:1.92%;--awb-width-medium:100%;--awb-order-medium:0;--awb-spacing-right-medium:1.92%;--awb-spacing-left-medium:1.92%;--awb-width-small:100%;--awb-order-small:0;--awb-spacing-right-small:1.92%;--awb-spacing-left-small:1.92%;\"><div class=\"fusion-column-wrapper fusion-column-has-shadow fusion-flex-justify-content-flex-start fusion-content-layout-column\"><div class=\"fusion-text fusion-text-1\"><p>Para los sistemas de alta tensi\u00f3n, la actualizaci\u00f3n de firmware de la bater\u00eda suele ocurrir a trav\u00e9s del inversor.<br \/>\nSi no es posible actualizar la memoria de alta tensi\u00f3n de esta manera, ser\u00e1 necesaria una visita in situ por parte de uno de nuestros t\u00e9cnicos de servicio.<\/p>\n<p>La informaci\u00f3n sobre actualizaciones de firmware est\u00e1 disponible en la p\u00e1gina principal del fabricante del inversor.<\/p>\n<p>Actualmente, los siguientes fabricantes admiten la actualizaci\u00f3n de firmware de nuestras bater\u00edas de alta tensi\u00f3n:<\/p>\n<\/div><div class=\"fusion-builder-row fusion-builder-row-inner fusion-row fusion-flex-align-items-flex-start fusion-flex-content-wrap\" style=\"width:104% !important;max-width:104% !important;margin-left: calc(-4% \/ 2 );margin-right: calc(-4% \/ 2 );\"><div class=\"fusion-layout-column fusion_builder_column_inner fusion-builder-nested-column-0 fusion_builder_column_inner_1_4 1_4 fusion-flex-column\" style=\"--awb-bg-size:cover;--awb-width-large:25%;--awb-margin-top-large:0px;--awb-spacing-right-large:7.68%;--awb-margin-bottom-large:20px;--awb-spacing-left-large:7.68%;--awb-width-medium:25%;--awb-order-medium:0;--awb-spacing-right-medium:7.68%;--awb-spacing-left-medium:7.68%;--awb-width-small:100%;--awb-order-small:0;--awb-spacing-right-small:1.92%;--awb-spacing-left-small:1.92%;\"><div class=\"fusion-column-wrapper fusion-column-has-shadow fusion-flex-justify-content-flex-start fusion-content-layout-column\"><div style=\"text-align:center;\"><a class=\"fusion-button button-flat button-xlarge button-custom fusion-button-default button-1 fusion-button-default-span fusion-button-default-type\" style=\"--button_accent_color:var(--awb-color8);--button_border_color:var(--awb-color8);--button_accent_hover_color:var(--awb-color1);--button_border_hover_color:var(--awb-color1);--button_border_width-top:2px;--button_border_width-right:2px;--button_border_width-bottom:2px;--button_border_width-left:2px;--button_gradient_top_color:var(--awb-color1);--button_gradient_bottom_color:var(--awb-color1);--button_gradient_top_color_hover:var(--awb-color8);--button_gradient_bottom_color_hover:var(--awb-color8);--button_margin-top:30px;\" target=\"_self\" data-hover=\"icon_slide\" href=\"https:\/\/www.fronius.com\/en\/solar-energy\/installers-partners\/service-support\/tech-support\"><span class=\"fusion-button-text\">Fronius<\/span><\/a><\/div><\/div><\/div><div class=\"fusion-layout-column fusion_builder_column_inner fusion-builder-nested-column-1 fusion_builder_column_inner_1_4 1_4 fusion-flex-column\" style=\"--awb-bg-size:cover;--awb-width-large:25%;--awb-margin-top-large:0px;--awb-spacing-right-large:7.68%;--awb-margin-bottom-large:20px;--awb-spacing-left-large:7.68%;--awb-width-medium:25%;--awb-order-medium:0;--awb-spacing-right-medium:7.68%;--awb-spacing-left-medium:7.68%;--awb-width-small:100%;--awb-order-small:0;--awb-spacing-right-small:1.92%;--awb-spacing-left-small:1.92%;\"><div class=\"fusion-column-wrapper fusion-column-has-shadow fusion-flex-justify-content-flex-start fusion-content-layout-column\"><div style=\"text-align:center;\"><a class=\"fusion-button button-flat button-xlarge button-custom fusion-button-default button-2 fusion-button-default-span fusion-button-default-type\" style=\"--button_accent_color:var(--awb-color8);--button_border_color:var(--awb-color8);--button_accent_hover_color:var(--awb-color1);--button_border_hover_color:var(--awb-color1);--button_border_width-top:2px;--button_border_width-right:2px;--button_border_width-bottom:2px;--button_border_width-left:2px;--button_gradient_top_color:var(--awb-color1);--button_gradient_bottom_color:var(--awb-color1);--button_gradient_top_color_hover:var(--awb-color8);--button_gradient_bottom_color_hover:var(--awb-color8);--button_margin-top:30px;\" target=\"_self\" data-hover=\"icon_slide\" href=\"https:\/\/www.sma.de\/en\/service-support\/overview\"><span class=\"fusion-button-text\">SMA<\/span><\/a><\/div><\/div><\/div><div class=\"fusion-layout-column fusion_builder_column_inner fusion-builder-nested-column-2 fusion_builder_column_inner_1_4 1_4 fusion-flex-column\" style=\"--awb-bg-size:cover;--awb-width-large:25%;--awb-margin-top-large:0px;--awb-spacing-right-large:7.68%;--awb-margin-bottom-large:20px;--awb-spacing-left-large:7.68%;--awb-width-medium:25%;--awb-order-medium:0;--awb-spacing-right-medium:7.68%;--awb-spacing-left-medium:7.68%;--awb-width-small:100%;--awb-order-small:0;--awb-spacing-right-small:1.92%;--awb-spacing-left-small:1.92%;\"><div class=\"fusion-column-wrapper fusion-column-has-shadow fusion-flex-justify-content-flex-start fusion-content-layout-column\"><div style=\"text-align:center;\"><a class=\"fusion-button button-flat button-xlarge button-custom fusion-button-default button-3 fusion-button-default-span fusion-button-default-type\" style=\"--button_accent_color:var(--awb-color8);--button_border_color:var(--awb-color8);--button_accent_hover_color:var(--awb-color1);--button_border_hover_color:var(--awb-color1);--button_border_width-top:2px;--button_border_width-right:2px;--button_border_width-bottom:2px;--button_border_width-left:2px;--button_gradient_top_color:var(--awb-color1);--button_gradient_bottom_color:var(--awb-color1);--button_gradient_top_color_hover:var(--awb-color8);--button_gradient_bottom_color_hover:var(--awb-color8);--button_margin-top:30px;\" target=\"_self\" data-hover=\"icon_slide\" href=\"https:\/\/knowledge-center.solaredge.com\/en\/\"><span class=\"fusion-button-text\">Solaredge<\/span><\/a><\/div><\/div><\/div><div class=\"fusion-layout-column fusion_builder_column_inner fusion-builder-nested-column-3 fusion_builder_column_inner_1_4 1_4 fusion-flex-column\" style=\"--awb-bg-size:cover;--awb-width-large:25%;--awb-margin-top-large:0px;--awb-spacing-right-large:7.68%;--awb-margin-bottom-large:20px;--awb-spacing-left-large:7.68%;--awb-width-medium:25%;--awb-order-medium:0;--awb-spacing-right-medium:7.68%;--awb-spacing-left-medium:7.68%;--awb-width-small:100%;--awb-order-small:0;--awb-spacing-right-small:1.92%;--awb-spacing-left-small:1.92%;\"><div class=\"fusion-column-wrapper fusion-column-has-shadow fusion-flex-justify-content-flex-start fusion-content-layout-column\"><div style=\"text-align:center;\"><a class=\"fusion-button button-flat button-xlarge button-custom fusion-button-default button-4 fusion-button-default-span fusion-button-default-type\" style=\"--button_accent_color:var(--awb-color8);--button_border_color:var(--awb-color8);--button_accent_hover_color:var(--awb-color1);--button_border_hover_color:var(--awb-color1);--button_border_width-top:2px;--button_border_width-right:2px;--button_border_width-bottom:2px;--button_border_width-left:2px;--button_gradient_top_color:var(--awb-color1);--button_gradient_bottom_color:var(--awb-color1);--button_gradient_top_color_hover:var(--awb-color8);--button_gradient_bottom_color_hover:var(--awb-color8);--button_margin-top:30px;\" target=\"_self\" data-hover=\"icon_slide\" href=\"https:\/\/solar.huawei.com\/de\/service-support\/tsc\"><span class=\"fusion-button-text\">Huawei<\/span><\/a><\/div><\/div><\/div><\/div><div class=\"fusion-text fusion-text-2\"><p><strong>Para la 2\u00aa generaci\u00f3n<\/strong> (actual) de RESU de baja tensi\u00f3n de LG Energy Solution, el firmware se puede actualizar cargando el archivo en una tarjeta de memoria SD e insertando la tarjeta directamente en el dispositivo. El procedimiento exacto est\u00e1 disponible en el manual del producto RESU.<\/p>\n<\/div><div class=\"fusion-builder-row fusion-builder-row-inner fusion-row fusion-flex-align-items-flex-start fusion-flex-content-wrap\" style=\"width:104% !important;max-width:104% !important;margin-left: calc(-4% \/ 2 );margin-right: calc(-4% \/ 2 );\"><div class=\"fusion-layout-column fusion_builder_column_inner fusion-builder-nested-column-4 fusion_builder_column_inner_1_4 1_4 fusion-flex-column\" style=\"--awb-bg-size:cover;--awb-width-large:25%;--awb-margin-top-large:0px;--awb-spacing-right-large:7.68%;--awb-margin-bottom-large:20px;--awb-spacing-left-large:7.68%;--awb-width-medium:25%;--awb-order-medium:0;--awb-spacing-right-medium:7.68%;--awb-spacing-left-medium:7.68%;--awb-width-small:100%;--awb-order-small:0;--awb-spacing-right-small:1.92%;--awb-spacing-left-small:1.92%;\"><div class=\"fusion-column-wrapper fusion-column-has-shadow fusion-flex-justify-content-flex-start fusion-content-layout-column\"><div style=\"text-align:center;\"><a class=\"fusion-button button-flat button-large button-custom fusion-button-default button-5 fusion-button-default-span fusion-button-default-type\" style=\"--button_accent_color:var(--awb-color8);--button_border_color:var(--awb-color8);--button_accent_hover_color:var(--awb-color1);--button_border_hover_color:var(--awb-color1);--button_border_width-top:2px;--button_border_width-right:2px;--button_border_width-bottom:2px;--button_border_width-left:2px;--button_gradient_top_color:var(--awb-color1);--button_gradient_bottom_color:var(--awb-color1);--button_gradient_top_color_hover:var(--awb-color8);--button_gradient_bottom_color_hover:var(--awb-color8);--button_margin-top:30px;\" target=\"_self\" data-hover=\"icon_slide\" href=\"https:\/\/drive.google.com\/drive\/folders\/1ZrCQu8YgjsKyK0oYvAxfujElJZUqwXJ0?usp=sharing\"><span class=\"fusion-button-text\">Upd. FW LV (.hex)<\/span><\/a><\/div><\/div><\/div><div class=\"fusion-layout-column fusion_builder_column_inner fusion-builder-nested-column-5 fusion_builder_column_inner_1_4 1_4 fusion-flex-column\" style=\"--awb-bg-size:cover;--awb-width-large:25%;--awb-margin-top-large:0px;--awb-spacing-right-large:7.68%;--awb-margin-bottom-large:20px;--awb-spacing-left-large:7.68%;--awb-width-medium:25%;--awb-order-medium:0;--awb-spacing-right-medium:7.68%;--awb-spacing-left-medium:7.68%;--awb-width-small:100%;--awb-order-small:0;--awb-spacing-right-small:1.92%;--awb-spacing-left-small:1.92%;\"><div class=\"fusion-column-wrapper fusion-column-has-shadow fusion-flex-justify-content-flex-start fusion-content-layout-column\"><div style=\"text-align:center;\"><a class=\"fusion-button button-flat button-large button-custom fusion-button-default button-6 fusion-button-default-span fusion-button-default-type\" style=\"--button_accent_color:var(--awb-color8);--button_border_color:var(--awb-color8);--button_accent_hover_color:var(--awb-color1);--button_border_hover_color:var(--awb-color1);--button_border_width-top:2px;--button_border_width-right:2px;--button_border_width-bottom:2px;--button_border_width-left:2px;--button_gradient_top_color:var(--awb-color1);--button_gradient_bottom_color:var(--awb-color1);--button_gradient_top_color_hover:var(--awb-color8);--button_gradient_bottom_color_hover:var(--awb-color8);--button_margin-top:30px;\" target=\"_self\" data-hover=\"icon_slide\" href=\"https:\/\/lghomebatteryblog.eu\/wp-content\/uploads\/RESU-LV-and-Plus-update-Manual_v.4.pdf\"><span class=\"fusion-button-text\">Upd. Manual FW LV\/PLUS<\/span><\/a><\/div><\/div><\/div><div class=\"fusion-layout-column fusion_builder_column_inner fusion-builder-nested-column-6 fusion_builder_column_inner_1_4 1_4 fusion-flex-column\" style=\"--awb-bg-size:cover;--awb-width-large:25%;--awb-margin-top-large:0px;--awb-spacing-right-large:7.68%;--awb-margin-bottom-large:20px;--awb-spacing-left-large:7.68%;--awb-width-medium:25%;--awb-order-medium:0;--awb-spacing-right-medium:7.68%;--awb-spacing-left-medium:7.68%;--awb-width-small:100%;--awb-order-small:0;--awb-spacing-right-small:1.92%;--awb-spacing-left-small:1.92%;\"><div class=\"fusion-column-wrapper fusion-column-has-shadow fusion-flex-justify-content-flex-start fusion-content-layout-column\"><div style=\"text-align:center;\"><a class=\"fusion-button button-flat button-large button-custom fusion-button-default button-7 fusion-button-default-span fusion-button-default-type\" style=\"--button_accent_color:var(--awb-color8);--button_border_color:var(--awb-color8);--button_accent_hover_color:var(--awb-color1);--button_border_hover_color:var(--awb-color1);--button_border_width-top:2px;--button_border_width-right:2px;--button_border_width-bottom:2px;--button_border_width-left:2px;--button_gradient_top_color:var(--awb-color1);--button_gradient_bottom_color:var(--awb-color1);--button_gradient_top_color_hover:var(--awb-color8);--button_gradient_bottom_color_hover:var(--awb-color8);--button_margin-top:30px;\" target=\"_self\" data-hover=\"icon_slide\" href=\"https:\/\/lghomebatteryblog.eu\/wp-content\/uploads\/RESU-LV-and-Plus-update-Manual_v.4.pdf\"><span class=\"fusion-button-text\">Upd. Manual FW (3.3\/6.5\/10)<\/span><\/a><\/div><\/div><\/div><\/div><\/div><\/div><\/div><\/div><\/p>\n","protected":false},"excerpt":{"rendered":"","protected":false},"author":1,"featured_media":0,"parent":13000,"menu_order":0,"comment_status":"closed","ping_status":"closed","template":"100-width.php","meta":{"footnotes":""},"class_list":["post-13002","page","type-page","status-publish","hentry"],"acf":[],"yoast_head":"<!-- This site is optimized with the Yoast SEO plugin v23.1 - https:\/\/yoast.com\/wordpress\/plugins\/seo\/ -->\n<title>Actualizaciones de Firmware - LG Energy Solution<\/title>\n<meta name=\"description\" content=\"Mant\u00e9n tus productos de LG Energy Solution siempre actualizados con el \u00faltimo firmware disponible en la secci\u00f3n de actualizaciones.\" \/>\n<meta name=\"robots\" content=\"index, follow, max-snippet:-1, max-image-preview:large, max-video-preview:-1\" \/>\n<link rel=\"canonical\" href=\"https:\/\/lghomebatteryblog.eu\/es\/support\/firmware-updates\/\" \/>\n<meta property=\"og:locale\" content=\"es_ES\" \/>\n<meta property=\"og:type\" content=\"article\" \/>\n<meta property=\"og:title\" content=\"Actualizaciones de Firmware - LG Energy Solution\" \/>\n<meta property=\"og:description\" content=\"Mant\u00e9n tus productos de LG Energy Solution siempre actualizados con el \u00faltimo firmware disponible en la secci\u00f3n de actualizaciones.\" \/>\n<meta property=\"og:url\" content=\"https:\/\/lghomebatteryblog.eu\/es\/support\/firmware-updates\/\" \/>\n<meta property=\"og:site_name\" content=\"LG Energy Solution\" \/>\n<meta property=\"article:publisher\" content=\"https:\/\/www.facebook.com\/profile.php?id=61552887927174\" \/>\n<meta property=\"article:modified_time\" content=\"2024-05-13T08:27:57+00:00\" \/>\n<meta name=\"twitter:card\" content=\"summary_large_image\" \/>\n<meta name=\"twitter:label1\" content=\"Tiempo de lectura\" \/>\n\t<meta name=\"twitter:data1\" content=\"1 minuto\" \/>\n<script type=\"application\/ld+json\" class=\"yoast-schema-graph\">{\"@context\":\"https:\/\/schema.org\",\"@graph\":[{\"@type\":\"WebPage\",\"@id\":\"https:\/\/lghomebatteryblog.eu\/es\/support\/firmware-updates\/\",\"url\":\"https:\/\/lghomebatteryblog.eu\/es\/support\/firmware-updates\/\",\"name\":\"Actualizaciones de Firmware - LG Energy Solution\",\"isPartOf\":{\"@id\":\"https:\/\/lghomebatteryblog.eu\/es\/#website\"},\"datePublished\":\"2024-03-22T11:14:57+00:00\",\"dateModified\":\"2024-05-13T08:27:57+00:00\",\"description\":\"Mant\u00e9n tus productos de LG Energy Solution siempre actualizados con el \u00faltimo firmware disponible en la secci\u00f3n de actualizaciones.\",\"breadcrumb\":{\"@id\":\"https:\/\/lghomebatteryblog.eu\/es\/support\/firmware-updates\/#breadcrumb\"},\"inLanguage\":\"es\",\"potentialAction\":[{\"@type\":\"ReadAction\",\"target\":[\"https:\/\/lghomebatteryblog.eu\/es\/support\/firmware-updates\/\"]}]},{\"@type\":\"BreadcrumbList\",\"@id\":\"https:\/\/lghomebatteryblog.eu\/es\/support\/firmware-updates\/#breadcrumb\",\"itemListElement\":[{\"@type\":\"ListItem\",\"position\":1,\"name\":\"Home\",\"item\":\"https:\/\/lghomebatteryblog.eu\/es\/\"},{\"@type\":\"ListItem\",\"position\":2,\"name\":\"Soporte\",\"item\":\"https:\/\/lghomebatteryblog.eu\/es\/support\/\"},{\"@type\":\"ListItem\",\"position\":3,\"name\":\"Actualizaciones de Firmware\"}]},{\"@type\":\"WebSite\",\"@id\":\"https:\/\/lghomebatteryblog.eu\/es\/#website\",\"url\":\"https:\/\/lghomebatteryblog.eu\/es\/\",\"name\":\"LG Energy Solution\",\"description\":\"\",\"publisher\":{\"@id\":\"https:\/\/lghomebatteryblog.eu\/es\/#organization\"},\"potentialAction\":[{\"@type\":\"SearchAction\",\"target\":{\"@type\":\"EntryPoint\",\"urlTemplate\":\"https:\/\/lghomebatteryblog.eu\/es\/?s={search_term_string}\"},\"query-input\":\"required name=search_term_string\"}],\"inLanguage\":\"es\"},{\"@type\":\"Organization\",\"@id\":\"https:\/\/lghomebatteryblog.eu\/es\/#organization\",\"name\":\"LG Energy Solution\",\"url\":\"https:\/\/lghomebatteryblog.eu\/es\/\",\"logo\":{\"@type\":\"ImageObject\",\"inLanguage\":\"es\",\"@id\":\"https:\/\/lghomebatteryblog.eu\/es\/#\/schema\/logo\/image\/\",\"url\":\"https:\/\/lghomebatteryblog.eu\/wp-content\/uploads\/2024\/03\/new_ci.webp\",\"contentUrl\":\"https:\/\/lghomebatteryblog.eu\/wp-content\/uploads\/2024\/03\/new_ci.webp\",\"width\":1691,\"height\":309,\"caption\":\"LG Energy Solution\"},\"image\":{\"@id\":\"https:\/\/lghomebatteryblog.eu\/es\/#\/schema\/logo\/image\/\"},\"sameAs\":[\"https:\/\/www.facebook.com\/profile.php?id=61552887927174\",\"https:\/\/www.youtube.com\/@lgenergysolutionesseurope\",\"https:\/\/www.linkedin.com\/company\/lges-resu-europe\/\"]}]}<\/script>\n<!-- \/ Yoast SEO plugin. -->","yoast_head_json":{"title":"Actualizaciones de Firmware - LG Energy Solution","description":"Mant\u00e9n tus productos de LG Energy Solution siempre actualizados con el \u00faltimo firmware disponible en la secci\u00f3n de actualizaciones.","robots":{"index":"index","follow":"follow","max-snippet":"max-snippet:-1","max-image-preview":"max-image-preview:large","max-video-preview":"max-video-preview:-1"},"canonical":"https:\/\/lghomebatteryblog.eu\/es\/support\/firmware-updates\/","og_locale":"es_ES","og_type":"article","og_title":"Actualizaciones de Firmware - LG Energy Solution","og_description":"Mant\u00e9n tus productos de LG Energy Solution siempre actualizados con el \u00faltimo firmware disponible en la secci\u00f3n de actualizaciones.","og_url":"https:\/\/lghomebatteryblog.eu\/es\/support\/firmware-updates\/","og_site_name":"LG Energy Solution","article_publisher":"https:\/\/www.facebook.com\/profile.php?id=61552887927174","article_modified_time":"2024-05-13T08:27:57+00:00","twitter_card":"summary_large_image","twitter_misc":{"Tiempo de lectura":"1 minuto"},"schema":{"@context":"https:\/\/schema.org","@graph":[{"@type":"WebPage","@id":"https:\/\/lghomebatteryblog.eu\/es\/support\/firmware-updates\/","url":"https:\/\/lghomebatteryblog.eu\/es\/support\/firmware-updates\/","name":"Actualizaciones de Firmware - LG Energy Solution","isPartOf":{"@id":"https:\/\/lghomebatteryblog.eu\/es\/#website"},"datePublished":"2024-03-22T11:14:57+00:00","dateModified":"2024-05-13T08:27:57+00:00","description":"Mant\u00e9n tus productos de LG Energy Solution siempre actualizados con el \u00faltimo firmware disponible en la secci\u00f3n de actualizaciones.","breadcrumb":{"@id":"https:\/\/lghomebatteryblog.eu\/es\/support\/firmware-updates\/#breadcrumb"},"inLanguage":"es","potentialAction":[{"@type":"ReadAction","target":["https:\/\/lghomebatteryblog.eu\/es\/support\/firmware-updates\/"]}]},{"@type":"BreadcrumbList","@id":"https:\/\/lghomebatteryblog.eu\/es\/support\/firmware-updates\/#breadcrumb","itemListElement":[{"@type":"ListItem","position":1,"name":"Home","item":"https:\/\/lghomebatteryblog.eu\/es\/"},{"@type":"ListItem","position":2,"name":"Soporte","item":"https:\/\/lghomebatteryblog.eu\/es\/support\/"},{"@type":"ListItem","position":3,"name":"Actualizaciones de Firmware"}]},{"@type":"WebSite","@id":"https:\/\/lghomebatteryblog.eu\/es\/#website","url":"https:\/\/lghomebatteryblog.eu\/es\/","name":"LG Energy Solution","description":"","publisher":{"@id":"https:\/\/lghomebatteryblog.eu\/es\/#organization"},"potentialAction":[{"@type":"SearchAction","target":{"@type":"EntryPoint","urlTemplate":"https:\/\/lghomebatteryblog.eu\/es\/?s={search_term_string}"},"query-input":"required name=search_term_string"}],"inLanguage":"es"},{"@type":"Organization","@id":"https:\/\/lghomebatteryblog.eu\/es\/#organization","name":"LG Energy Solution","url":"https:\/\/lghomebatteryblog.eu\/es\/","logo":{"@type":"ImageObject","inLanguage":"es","@id":"https:\/\/lghomebatteryblog.eu\/es\/#\/schema\/logo\/image\/","url":"https:\/\/lghomebatteryblog.eu\/wp-content\/uploads\/2024\/03\/new_ci.webp","contentUrl":"https:\/\/lghomebatteryblog.eu\/wp-content\/uploads\/2024\/03\/new_ci.webp","width":1691,"height":309,"caption":"LG Energy Solution"},"image":{"@id":"https:\/\/lghomebatteryblog.eu\/es\/#\/schema\/logo\/image\/"},"sameAs":["https:\/\/www.facebook.com\/profile.php?id=61552887927174","https:\/\/www.youtube.com\/@lgenergysolutionesseurope","https:\/\/www.linkedin.com\/company\/lges-resu-europe\/"]}]}},"_links":{"self":[{"href":"https:\/\/lghomebatteryblog.eu\/es\/wp-json\/wp\/v2\/pages\/13002","targetHints":{"allow":["GET"]}}],"collection":[{"href":"https:\/\/lghomebatteryblog.eu\/es\/wp-json\/wp\/v2\/pages"}],"about":[{"href":"https:\/\/lghomebatteryblog.eu\/es\/wp-json\/wp\/v2\/types\/page"}],"author":[{"embeddable":true,"href":"https:\/\/lghomebatteryblog.eu\/es\/wp-json\/wp\/v2\/users\/1"}],"replies":[{"embeddable":true,"href":"https:\/\/lghomebatteryblog.eu\/es\/wp-json\/wp\/v2\/comments?post=13002"}],"version-history":[{"count":2,"href":"https:\/\/lghomebatteryblog.eu\/es\/wp-json\/wp\/v2\/pages\/13002\/revisions"}],"predecessor-version":[{"id":13016,"href":"https:\/\/lghomebatteryblog.eu\/es\/wp-json\/wp\/v2\/pages\/13002\/revisions\/13016"}],"up":[{"embeddable":true,"href":"https:\/\/lghomebatteryblog.eu\/es\/wp-json\/wp\/v2\/pages\/13000"}],"wp:attachment":[{"href":"https:\/\/lghomebatteryblog.eu\/es\/wp-json\/wp\/v2\/media?parent=13002"}],"curies":[{"name":"wp","href":"https:\/\/api.w.org\/{rel}","templated":true}]}}